{"id":154,"date":"2026-01-07T09:11:10","date_gmt":"2026-01-07T08:11:10","guid":{"rendered":"https:\/\/kecfab.bplaced.net\/kroatien\/?page_id=154"},"modified":"2026-01-21T08:55:07","modified_gmt":"2026-01-21T07:55:07","slug":"istrien","status":"publish","type":"page","link":"https:\/\/kecfab.bplaced.net\/kroatien\/istrien\/","title":{"rendered":"Istrien"},"content":{"rendered":"\n<div class=\"wp-block-group alignfull is-style-section-1 has-global-padding is-layout-constrained wp-block-group-is-layout-constrained is-style-section-1--1\" style=\"margin-top:0;margin-bottom:0;padding-top:var(--wp--preset--spacing--60);padding-bottom:var(--wp--preset--spacing--60)\">\n<div class=\"wp-block-columns alignwide is-layout-flex wp-container-core-columns-is-layout-643ced6b wp-block-columns-is-layout-flex\">\n<div class=\"wp-block-column is-layout-flow wp-block-column-is-layout-flow\" style=\"flex-basis:40%\">\n<figure class=\"wp-block-image size-large\"><img loading=\"lazy\" decoding=\"async\" width=\"1024\" height=\"768\" src=\"https:\/\/kecfab.bplaced.net\/kroatien\/wp-content\/uploads\/2025\/11\/uvala-1024x768.jpg\" alt=\"\" class=\"wp-image-88\" srcset=\"https:\/\/kecfab.bplaced.net\/kroatien\/wp-content\/uploads\/2025\/11\/uvala-1024x768.jpg 1024w, https:\/\/kecfab.bplaced.net\/kroatien\/wp-content\/uploads\/2025\/11\/uvala-300x225.jpg 300w, https:\/\/kecfab.bplaced.net\/kroatien\/wp-content\/uploads\/2025\/11\/uvala-768x576.jpg 768w, https:\/\/kecfab.bplaced.net\/kroatien\/wp-content\/uploads\/2025\/11\/uvala-1536x1152.jpg 1536w, https:\/\/kecfab.bplaced.net\/kroatien\/wp-content\/uploads\/2025\/11\/uvala-2048x1536.jpg 2048w\" sizes=\"auto, (max-width: 1024px) 100vw, 1024px\" \/><\/figure>\n<\/div>\n\n\n\n<div class=\"wp-block-column is-vertically-aligned-center is-style-default is-layout-flow wp-container-core-column-is-layout-119bc444 wp-block-column-is-layout-flow\" style=\"flex-basis:60%\">\n<h2 class=\"wp-block-heading has-xx-large-font-size\">Die Insel<\/h2>\n\n\n\n<p><strong>Istrien<\/strong> ist eine kleine Halbinsel an der <strong>Adria<\/strong> und liegt haupts\u00e4chlich in <strong>Kroatien<\/strong>, mit kleinen Teilen in <strong>Slowenien<\/strong> und <strong>Italien<\/strong>. Sie ist eine der beliebtesten Urlaubsregionen Kroatiens..<\/p>\n\n\n\n<div class=\"wp-block-group is-vertical is-layout-flex wp-container-core-group-is-layout-41e20069 wp-block-group-is-layout-flex\">\n<h3 class=\"wp-block-heading has-small-font-size\" style=\"font-style:normal;font-weight:600;letter-spacing:1px;text-transform:uppercase\">Meine h\u00f6rspiele auf deiner Lieblings-Plattform<\/h3>\n\n\n\n<div class=\"wp-block-group is-layout-flex wp-block-group-is-layout-flex\">\n<p class=\"is-style-text-annotation is-style-text-annotation--2\"><a href=\"#\">YouTube<\/a><\/p>\n\n\n\n<p class=\"is-style-text-annotation is-style-text-annotation--3\"><a href=\"#\">Apple Podcasts<\/a><\/p>\n\n\n\n<p class=\"is-style-text-annotation is-style-text-annotation--4\"><a href=\"#\">Spotify<\/a><\/p>\n\n\n\n<p class=\"is-style-text-annotation is-style-text-annotation--5\"><a href=\"#\">Pocket Casts<\/a><\/p>\n\n\n\n<p class=\"is-style-text-annotation is-style-text-annotation--6\"><a href=\"#\">RSS<\/a><\/p>\n<\/div>\n<\/div>\n<\/div>\n<\/div>\n<\/div>\n\n\n\n<div class=\"wp-block-group alignfull is-style-section-1 has-global-padding is-layout-constrained wp-block-group-is-layout-constrained is-style-section-1--7\" style=\"margin-top:0;margin-bottom:0;padding-top:var(--wp--preset--spacing--50);padding-bottom:var(--wp--preset--spacing--50)\">\n<div class=\"wp-block-columns alignwide is-layout-flex wp-container-core-columns-is-layout-7ee84d44 wp-block-columns-is-layout-flex\">\n<div class=\"wp-block-column is-vertically-aligned-center is-layout-flow wp-block-column-is-layout-flow\" style=\"flex-basis:50%\">\n<h2 class=\"wp-block-heading has-x-large-font-size\"><strong>Geschichte<\/strong><\/h2>\n\n\n\n<p>Istrien ist eine Region mit einer sehr langen und vielf\u00e4ltigen Geschichte. Schon in der Steinzeit war die Halbinsel besiedelt. In der Antike lebte hier der Volksstamm der Histrier, nach denen Istrien seinen Namen erhielt. Im Jahr 197 vor Christus wurde das Gebiet von den R\u00f6mern erobert und in das R\u00f6mische Reich eingegliedert. Unter der r\u00f6mischen Herrschaft entwickelte sich Istrien wirtschaftlich und kulturell stark. Aus dieser Zeit stammen noch heute viele Bauwerke, zum Beispiel das ber\u00fchmte Amphitheater in Pula.<\/p>\n<\/div>\n\n\n\n<div class=\"wp-block-column is-vertically-aligned-center is-layout-flow wp-block-column-is-layout-flow\" style=\"flex-basis:50%\">\n<figure class=\"wp-block-image size-full\"><img loading=\"lazy\" decoding=\"async\" width=\"2560\" height=\"1920\" src=\"https:\/\/kecfab.bplaced.net\/kroatien\/wp-content\/uploads\/2025\/11\/uvala.jpg\" alt=\"\" class=\"wp-image-88\" style=\"aspect-ratio:1;object-fit:cover\" srcset=\"https:\/\/kecfab.bplaced.net\/kroatien\/wp-content\/uploads\/2025\/11\/uvala.jpg 2560w, https:\/\/kecfab.bplaced.net\/kroatien\/wp-content\/uploads\/2025\/11\/uvala-300x225.jpg 300w, https:\/\/kecfab.bplaced.net\/kroatien\/wp-content\/uploads\/2025\/11\/uvala-1024x768.jpg 1024w, https:\/\/kecfab.bplaced.net\/kroatien\/wp-content\/uploads\/2025\/11\/uvala-768x576.jpg 768w, https:\/\/kecfab.bplaced.net\/kroatien\/wp-content\/uploads\/2025\/11\/uvala-1536x1152.jpg 1536w, https:\/\/kecfab.bplaced.net\/kroatien\/wp-content\/uploads\/2025\/11\/uvala-2048x1536.jpg 2048w\" sizes=\"auto, (max-width: 2560px) 100vw, 2560px\" \/><\/figure>\n<\/div>\n<\/div>\n<\/div>\n\n\n\n<div class=\"wp-block-group alignfull is-style-section-1 has-global-padding is-layout-constrained wp-block-group-is-layout-constrained is-style-section-1--8\" style=\"margin-top:0;margin-bottom:0;padding-top:var(--wp--preset--spacing--80);padding-bottom:var(--wp--preset--spacing--80)\">\n<h2 class=\"wp-block-heading has-text-align-center\">Diese Website wird gesponsort von:<\/h2>\n\n\n\n<div style=\"height:var(--wp--preset--spacing--30)\" aria-hidden=\"true\" class=\"wp-block-spacer\"><\/div>\n\n\n\n<div class=\"wp-block-group alignwide is-content-justification-center is-layout-flex wp-container-core-group-is-layout-2c471116 wp-block-group-is-layout-flex\">\n<figure class=\"wp-block-image size-full is-resized\"><img loading=\"lazy\" decoding=\"async\" width=\"269\" height=\"188\" src=\"https:\/\/kecfab.bplaced.net\/kroatien\/wp-content\/uploads\/2026\/01\/Cola.jpg\" alt=\"\" class=\"wp-image-183\" style=\"aspect-ratio:4\/3;object-fit:contain;width:150px\"\/><\/figure>\n\n\n\n<figure class=\"wp-block-image size-full is-resized\"><img loading=\"lazy\" decoding=\"async\" width=\"225\" height=\"225\" src=\"https:\/\/kecfab.bplaced.net\/kroatien\/wp-content\/uploads\/2026\/01\/Nike.png\" alt=\"\" class=\"wp-image-184\" style=\"aspect-ratio:4\/3;object-fit:cover;width:150px\" srcset=\"https:\/\/kecfab.bplaced.net\/kroatien\/wp-content\/uploads\/2026\/01\/Nike.png 225w, https:\/\/kecfab.bplaced.net\/kroatien\/wp-content\/uploads\/2026\/01\/Nike-150x150.png 150w\" sizes=\"auto, (max-width: 225px) 100vw, 225px\" \/><\/figure>\n<\/div>\n<\/div>\n\n\n\n<aside class=\"wp-block-group alignfull is-style-section-2 has-global-padding is-layout-constrained wp-container-core-group-is-layout-f0f2a97b wp-block-group-is-layout-constrained is-style-section-2--9\" style=\"margin-top:0;margin-bottom:0;padding-top:var(--wp--preset--spacing--50);padding-right:var(--wp--preset--spacing--50);padding-bottom:var(--wp--preset--spacing--50);padding-left:var(--wp--preset--spacing--50)\">\n<div class=\"wp-block-group is-vertical is-content-justification-center is-layout-flex wp-container-core-group-is-layout-8778ca4a wp-block-group-is-layout-flex\" style=\"min-height:360px;margin-top:0;margin-bottom:0\">\n<h2 class=\"wp-block-heading has-text-align-center has-xx-large-font-size\">Melde dich an, um t\u00e4gliche Informationen \u00fcber Kroatien zu erhalten<\/h2>\n\n\n\n<div style=\"height:0px\" aria-hidden=\"true\" class=\"wp-block-spacer wp-container-content-62aae154\"><\/div>\n\n\n\n<div class=\"wp-block-buttons is-content-justification-center is-layout-flex wp-container-core-buttons-is-layout-a89b3969 wp-block-buttons-is-layout-flex\">\n<div class=\"wp-block-button\"><a class=\"wp-block-button__link has-text-align-center wp-element-button\">JETZT ERL\u00d6SEN?<\/a><\/div>\n<\/div>\n<\/div>\n<\/aside>\n","protected":false},"excerpt":{"rendered":"<p>Die Insel Istrien ist eine kleine Halbinsel an der Adria und liegt haupts\u00e4chlich in Kroatien, mit kleinen Teilen in Slowenien und Italien. Sie ist eine der beliebtesten Urlaubsregionen Kroatiens.. Meine h\u00f6rspiele auf deiner Lieblings-Plattform YouTube Apple Podcasts Spotify Pocket Casts RSS Geschichte Istrien ist eine Region mit einer sehr langen und vielf\u00e4ltigen Geschichte. Schon in [&hellip;]<\/p>\n","protected":false},"author":1,"featured_media":0,"parent":0,"menu_order":0,"comment_status":"closed","ping_status":"closed","template":"","meta":{"footnotes":""},"class_list":["post-154","page","type-page","status-publish","hentry"],"_links":{"self":[{"href":"https:\/\/kecfab.bplaced.net\/kroatien\/wp-json\/wp\/v2\/pages\/154","targetHints":{"allow":["GET"]}}],"collection":[{"href":"https:\/\/kecfab.bplaced.net\/kroatien\/wp-json\/wp\/v2\/pages"}],"about":[{"href":"https:\/\/kecfab.bplaced.net\/kroatien\/wp-json\/wp\/v2\/types\/page"}],"author":[{"embeddable":true,"href":"https:\/\/kecfab.bplaced.net\/kroatien\/wp-json\/wp\/v2\/users\/1"}],"replies":[{"embeddable":true,"href":"https:\/\/kecfab.bplaced.net\/kroatien\/wp-json\/wp\/v2\/comments?post=154"}],"version-history":[{"count":12,"href":"https:\/\/kecfab.bplaced.net\/kroatien\/wp-json\/wp\/v2\/pages\/154\/revisions"}],"predecessor-version":[{"id":269,"href":"https:\/\/kecfab.bplaced.net\/kroatien\/wp-json\/wp\/v2\/pages\/154\/revisions\/269"}],"wp:attachment":[{"href":"https:\/\/kecfab.bplaced.net\/kroatien\/wp-json\/wp\/v2\/media?parent=154"}],"curies":[{"name":"wp","href":"https:\/\/api.w.org\/{rel}","templated":true}]}}