{"id":145,"date":"2025-12-17T09:54:52","date_gmt":"2025-12-17T08:54:52","guid":{"rendered":"https:\/\/kecfab.bplaced.net\/kroatien\/?page_id=145"},"modified":"2025-12-17T09:54:52","modified_gmt":"2025-12-17T08:54:52","slug":"highlights-von-kroatien","status":"publish","type":"page","link":"https:\/\/kecfab.bplaced.net\/kroatien\/highlights-von-kroatien\/","title":{"rendered":"Highlights von Kroatien"},"content":{"rendered":"\n<div class=\"wp-block-cover alignfull is-light has-parallax\"><div class=\"wp-block-cover__image-background wp-image-76 size-large has-parallax\" style=\"background-position:50% 50%;background-image:url(https:\/\/kecfab.bplaced.net\/kroatien\/wp-content\/uploads\/2025\/11\/budikovac-1024x576.jpg)\"><\/div><span aria-hidden=\"true\" class=\"wp-block-cover__background has-background-dim-40 has-background-dim\" style=\"background-color:#7696c2\"><\/span><div class=\"wp-block-cover__inner-container has-global-padding is-layout-constrained wp-block-cover-is-layout-constrained\">\n<p class=\"has-text-align-center has-large-font-size\">Kroatien bietet seinen G\u00e4sten neben traumhaften Str\u00e4nden, unz\u00e4hligen Sonnenstunden und klarem Wasser auch unverwechselbare K\u00fcstenst\u00e4dte, vielf\u00e4ltige Naturlandschaften, die ihresgleichen suchen und epochale Geb\u00e4ude.<\/p>\n<\/div><\/div>\n\n\n\n<div class=\"wp-block-group alignfull has-global-padding is-layout-constrained wp-container-core-group-is-layout-0c9c989a wp-block-group-is-layout-constrained\" style=\"min-height:0vh;margin-top:0;margin-bottom:0;padding-top:var(--wp--preset--spacing--70);padding-right:var(--wp--preset--spacing--40);padding-bottom:var(--wp--preset--spacing--70);padding-left:var(--wp--preset--spacing--40)\">\n<div class=\"wp-block-group has-global-padding is-layout-constrained wp-container-core-group-is-layout-346627ba wp-block-group-is-layout-constrained\">\n<h2 class=\"wp-block-heading has-text-align-center has-xx-large-font-size\" style=\"margin-right:0;margin-left:0;padding-right:0;padding-left:0\">Kroatien besuchen<\/h2>\n\n\n\n<p class=\"has-text-align-center\">Kroatien z\u00e4hlt j\u00e4hrlich tausende Besucher:innen aus aller Welt. Bei einem Spaziergang durch die kroatischen St\u00e4dte werden diese nicht selten Zeuge der \u00fcber tausendj\u00e4hrigen Geschichte des Landes, die sich in zahlreichen Kirchen, Museen und historischen Bauwerken widerspiegelt. Sogar auf der Liste des UNESCO-Weltkulturerbes stehen einige der auserlesensten Werke. Jede Region und jede Stadt haben ihre einzelnen Sehensw\u00fcrdigkeiten, die es zu erkunden gilt und die auf jeden Fall einen Besuch wert sind.<\/p>\n<\/div>\n<\/div>\n\n\n\n<div class=\"wp-block-group alignfull is-style-section-1 has-global-padding is-layout-constrained wp-block-group-is-layout-constrained is-style-section-1--1\" style=\"margin-top:0;margin-bottom:0;padding-top:var(--wp--preset--spacing--80);padding-bottom:var(--wp--preset--spacing--80)\">\n<div class=\"wp-block-columns alignwide is-layout-flex wp-container-core-columns-is-layout-66fad18a wp-block-columns-is-layout-flex\">\n<div class=\"wp-block-column is-layout-flow wp-block-column-is-layout-flow\" style=\"padding-right:var(--wp--preset--spacing--50);flex-basis:45%\">\n<figure class=\"wp-block-image size-full\"><img loading=\"lazy\" decoding=\"async\" width=\"2560\" height=\"1707\" src=\"https:\/\/kecfab.bplaced.net\/kroatien\/wp-content\/uploads\/2025\/11\/dubrovnik.jpg\" alt=\"\" class=\"wp-image-77\" srcset=\"https:\/\/kecfab.bplaced.net\/kroatien\/wp-content\/uploads\/2025\/11\/dubrovnik.jpg 2560w, https:\/\/kecfab.bplaced.net\/kroatien\/wp-content\/uploads\/2025\/11\/dubrovnik-300x200.jpg 300w, https:\/\/kecfab.bplaced.net\/kroatien\/wp-content\/uploads\/2025\/11\/dubrovnik-1024x683.jpg 1024w, https:\/\/kecfab.bplaced.net\/kroatien\/wp-content\/uploads\/2025\/11\/dubrovnik-768x512.jpg 768w, https:\/\/kecfab.bplaced.net\/kroatien\/wp-content\/uploads\/2025\/11\/dubrovnik-1536x1024.jpg 1536w, https:\/\/kecfab.bplaced.net\/kroatien\/wp-content\/uploads\/2025\/11\/dubrovnik-2048x1366.jpg 2048w\" sizes=\"auto, (max-width: 2560px) 100vw, 2560px\" \/><\/figure>\n\n\n\n<div class=\"wp-block-group has-global-padding is-layout-constrained wp-block-group-is-layout-constrained\" style=\"margin-top:-12vw\">\n<figure class=\"wp-block-image alignright size-full is-resized\" style=\"margin-top:-8px;margin-right:-5vw;margin-left:-5vw\"><img loading=\"lazy\" decoding=\"async\" width=\"512\" height=\"512\" src=\"https:\/\/kecfab.bplaced.net\/kroatien\/wp-content\/uploads\/2025\/11\/cropped-krokarte-1.png\" alt=\"\" class=\"wp-image-92\" style=\"width:202px\" srcset=\"https:\/\/kecfab.bplaced.net\/kroatien\/wp-content\/uploads\/2025\/11\/cropped-krokarte-1.png 512w, https:\/\/kecfab.bplaced.net\/kroatien\/wp-content\/uploads\/2025\/11\/cropped-krokarte-1-300x300.png 300w, https:\/\/kecfab.bplaced.net\/kroatien\/wp-content\/uploads\/2025\/11\/cropped-krokarte-1-150x150.png 150w, https:\/\/kecfab.bplaced.net\/kroatien\/wp-content\/uploads\/2025\/11\/cropped-krokarte-1-270x270.png 270w, https:\/\/kecfab.bplaced.net\/kroatien\/wp-content\/uploads\/2025\/11\/cropped-krokarte-1-192x192.png 192w, https:\/\/kecfab.bplaced.net\/kroatien\/wp-content\/uploads\/2025\/11\/cropped-krokarte-1-180x180.png 180w, https:\/\/kecfab.bplaced.net\/kroatien\/wp-content\/uploads\/2025\/11\/cropped-krokarte-1-32x32.png 32w\" sizes=\"auto, (max-width: 512px) 100vw, 512px\" \/><\/figure>\n<\/div>\n<\/div>\n\n\n\n<div class=\"wp-block-column is-vertically-aligned-center is-layout-flow wp-block-column-is-layout-flow\" style=\"padding-right:0;padding-left:0;flex-basis:50%\">\n<div class=\"wp-block-group is-vertical is-layout-flex wp-container-core-group-is-layout-fe9cc265 wp-block-group-is-layout-flex\">\n<h2 class=\"wp-block-heading is-style-text-annotation is-style-text-annotation--2\">Dubrovnik &#8211; Perle an der Adria<\/h2>\n<\/div>\n\n\n\n<p class=\"is-style-default\">Dubrovnik ist ein seltenes Beispiel unbeschreiblicher Sch\u00f6nheit. Besonders sehenswert ist die historische Altstadt von Dubrovnik, die auch vollkommen autofrei ist. Sie lockt jedes Jahr unz\u00e4hlige Touristen an und geh\u00f6rt seit 1979 zum UNESCO-Weltkulturerbe. Ein Teil davon sind die Stadtmauern von Dubrovnik, die 1940 Meter lang und bis zu sechs Meter dick sind. Weitere Sehensw\u00fcrdigkeiten sind die Kathedrale Mari\u00e4 Himmelfahrt, eine alte Apotheke aus dem 14. Jahrhundert und die Rolands\u00e4ule sowie der Sponza-Palast. Rund um Dubrovnik findet man auch eine gro\u00dfe Zahl von wundersch\u00f6nen Str\u00e4nden und Buchten, wie zum Beispiel den Strand Banje nahe der Altstadt.<\/p>\n<\/div>\n<\/div>\n<\/div>\n\n\n\n<div class=\"wp-block-group alignfull has-global-padding is-layout-constrained wp-container-core-group-is-layout-ebee8dc1 wp-block-group-is-layout-constrained\" style=\"margin-top:0;margin-bottom:0;padding-top:var(--wp--preset--spacing--50);padding-bottom:var(--wp--preset--spacing--50)\">\n<h2 class=\"wp-block-heading alignwide\">Unglaubliche Natur<\/h2>\n\n\n\n<div class=\"wp-block-columns alignwide is-layout-flex wp-container-core-columns-is-layout-28f84493 wp-block-columns-is-layout-flex\">\n<div class=\"wp-block-column is-layout-flow wp-block-column-is-layout-flow\">\n<figure class=\"wp-block-image size-large\" style=\"margin-bottom:24px\"><img loading=\"lazy\" decoding=\"async\" width=\"1024\" height=\"768\" src=\"https:\/\/kecfab.bplaced.net\/kroatien\/wp-content\/uploads\/2025\/11\/uvala-1024x768.jpg\" alt=\"\" class=\"wp-image-88\" style=\"aspect-ratio:4\/3;object-fit:cover\" srcset=\"https:\/\/kecfab.bplaced.net\/kroatien\/wp-content\/uploads\/2025\/11\/uvala-1024x768.jpg 1024w, https:\/\/kecfab.bplaced.net\/kroatien\/wp-content\/uploads\/2025\/11\/uvala-300x225.jpg 300w, https:\/\/kecfab.bplaced.net\/kroatien\/wp-content\/uploads\/2025\/11\/uvala-768x576.jpg 768w, https:\/\/kecfab.bplaced.net\/kroatien\/wp-content\/uploads\/2025\/11\/uvala-1536x1152.jpg 1536w, https:\/\/kecfab.bplaced.net\/kroatien\/wp-content\/uploads\/2025\/11\/uvala-2048x1536.jpg 2048w\" sizes=\"auto, (max-width: 1024px) 100vw, 1024px\" \/><\/figure>\n\n\n\n<h3 class=\"wp-block-heading\">Natursch\u00f6nheiten<\/h3>\n\n\n\n<p>In Kroatien kommen alle Naturliebhaber voll auf ihre Kosten. Auf einer Fl\u00e4che von 56.594 km\u00b2 besitzt das Land am Mittelmeer unz\u00e4hlige Natursch\u00f6nheiten, die man in einem der 8 Nationalparks und 11 weiteren Naturparks besichtigen kann. Exemplarisch sollen hier die Kornati Inseln und der Nationalpark Krka angef\u00fchrt werden.<\/p>\n<\/div>\n\n\n\n<div class=\"wp-block-column is-layout-flow wp-block-column-is-layout-flow\">\n<figure class=\"wp-block-image size-large\" style=\"margin-bottom:24px\"><img loading=\"lazy\" decoding=\"async\" width=\"1024\" height=\"682\" src=\"https:\/\/kecfab.bplaced.net\/kroatien\/wp-content\/uploads\/2025\/11\/ravnik-1024x682.jpg\" alt=\"\" class=\"wp-image-86\" style=\"aspect-ratio:4\/3;object-fit:cover\" srcset=\"https:\/\/kecfab.bplaced.net\/kroatien\/wp-content\/uploads\/2025\/11\/ravnik-1024x682.jpg 1024w, https:\/\/kecfab.bplaced.net\/kroatien\/wp-content\/uploads\/2025\/11\/ravnik-300x200.jpg 300w, https:\/\/kecfab.bplaced.net\/kroatien\/wp-content\/uploads\/2025\/11\/ravnik-768x512.jpg 768w, https:\/\/kecfab.bplaced.net\/kroatien\/wp-content\/uploads\/2025\/11\/ravnik-1536x1024.jpg 1536w, https:\/\/kecfab.bplaced.net\/kroatien\/wp-content\/uploads\/2025\/11\/ravnik-2048x1365.jpg 2048w\" sizes=\"auto, (max-width: 1024px) 100vw, 1024px\" \/><\/figure>\n\n\n\n<h3 class=\"wp-block-heading\">Kornati Inseln<\/h3>\n\n\n\n<p>Die Kornati Inseln sind ein Paradies f\u00fcr Nautiker und Taucher. Diese Inseln stellen eine Ansammlung aus 152 Inseln in unmittelbarer N\u00e4he zur Stadt Biograd dar. Das einzigartige Naturschauspiel aus einsamen Buchten, steilen Felsw\u00e4nden und der abwechslungsreichen Unterwasserwelt zieht Jahr f\u00fcr Jahr tausende von Abenteuerlustigen in seinen Bann.<\/p>\n<\/div>\n\n\n\n<div class=\"wp-block-column is-layout-flow wp-block-column-is-layout-flow\">\n<figure class=\"wp-block-image size-large\" style=\"margin-bottom:24px\"><img loading=\"lazy\" decoding=\"async\" width=\"1024\" height=\"682\" src=\"https:\/\/kecfab.bplaced.net\/kroatien\/wp-content\/uploads\/2025\/11\/vis-1024x682.jpg\" alt=\"\" class=\"wp-image-89\" style=\"aspect-ratio:4\/3;object-fit:cover\" srcset=\"https:\/\/kecfab.bplaced.net\/kroatien\/wp-content\/uploads\/2025\/11\/vis-1024x682.jpg 1024w, https:\/\/kecfab.bplaced.net\/kroatien\/wp-content\/uploads\/2025\/11\/vis-300x200.jpg 300w, https:\/\/kecfab.bplaced.net\/kroatien\/wp-content\/uploads\/2025\/11\/vis-768x512.jpg 768w, https:\/\/kecfab.bplaced.net\/kroatien\/wp-content\/uploads\/2025\/11\/vis-1536x1024.jpg 1536w, https:\/\/kecfab.bplaced.net\/kroatien\/wp-content\/uploads\/2025\/11\/vis-2048x1365.jpg 2048w\" sizes=\"auto, (max-width: 1024px) 100vw, 1024px\" \/><\/figure>\n\n\n\n<h3 class=\"wp-block-heading\">Nationalpark Krka<\/h3>\n\n\n\n<p>Der aus dem gleichnamigen Fluss entstandene Nationalpark Krka bietet ein Naturschauspiel aus mehreren Seen, die auf ihrem Weg durch das Tal ca. 45 H\u00f6henmeter \u00fcberwinden. Das smaragdgr\u00fcne Wasser, die gewaltigen Wasserf\u00e4lle und die \u00fcppige Flora und Fauna sind Grund genug, warum es der Nationalpark auf die Liste der UNESCO geschafft hat.<\/p>\n<\/div>\n<\/div>\n<\/div>\n\n\n\n<div class=\"wp-block-group alignfull has-global-padding is-layout-constrained wp-block-group-is-layout-constrained\" style=\"margin-top:0;margin-bottom:0;padding-top:var(--wp--preset--spacing--60);padding-bottom:var(--wp--preset--spacing--60)\">\n<div class=\"wp-block-columns alignwide is-layout-flex wp-container-core-columns-is-layout-74b2cda3 wp-block-columns-is-layout-flex\">\n<div class=\"wp-block-column is-layout-flow wp-block-column-is-layout-flow\">\n<div class=\"wp-block-group is-vertical is-content-justification-left is-layout-flex wp-container-core-group-is-layout-7ce391b6 wp-block-group-is-layout-flex\" style=\"min-height:100%\">\n<h2 class=\"wp-block-heading is-style-text-annotation has-x-small-font-size is-style-text-annotation--3\">Amphitheater Pula<\/h2>\n\n\n\n<div class=\"wp-block-group has-x-large-font-size has-global-padding is-content-justification-left is-layout-constrained wp-container-core-group-is-layout-50fd5f3e wp-block-group-is-layout-constrained\" style=\"margin-top:0;margin-bottom:0;padding-top:0;padding-right:0;padding-bottom:0;padding-left:0\">\n<p class=\"has-x-large-font-size\">Das sechstgr\u00f6\u00dfte Amphitheater der Welt steht in der Stadt Pula auf der Halbinsel Istrien. Es bot rund 23.000 Menschen Platz und wurde um 177 von den R\u00f6mern erbaut, die Pula in der Zeit eroberten und zu einer r\u00f6mischen Kolonie machten. Wo einst die blutigen Gladiatorenk\u00e4mpfe der R\u00f6mer stattfanden, kann man heute Konzerte und Filmevents erleben. Auch Stars wie Elton John oder Julio Iglesias traten hier bereits auf. Das Amphitheater ist in gro\u00dfen Teilen in seiner Originalh\u00f6he von rund 32 Metern erhalten und bis heute ein eindrucksvolles Bauzeugnis f\u00fcr das architektonische Wirken der R\u00f6mer. Im Untergeschoss des Baus zeigt heute ein Museum die Geschichte der R\u00f6mer in Pula, vom Weinbau und den antiken Handelsbeziehungen Istriens.<\/p>\n<\/div>\n<\/div>\n<\/div>\n\n\n\n<div class=\"wp-block-column is-layout-flow wp-block-column-is-layout-flow\" style=\"padding-top:0;padding-right:0;padding-bottom:0;padding-left:0\">\n<figure class=\"wp-block-image size-large\"><img loading=\"lazy\" decoding=\"async\" width=\"1024\" height=\"508\" src=\"https:\/\/kecfab.bplaced.net\/kroatien\/wp-content\/uploads\/2025\/11\/arenapula-1024x508.jpg\" alt=\"\" class=\"wp-image-72\" style=\"aspect-ratio:1;object-fit:cover\" srcset=\"https:\/\/kecfab.bplaced.net\/kroatien\/wp-content\/uploads\/2025\/11\/arenapula-1024x508.jpg 1024w, https:\/\/kecfab.bplaced.net\/kroatien\/wp-content\/uploads\/2025\/11\/arenapula-300x149.jpg 300w, https:\/\/kecfab.bplaced.net\/kroatien\/wp-content\/uploads\/2025\/11\/arenapula-768x381.jpg 768w, https:\/\/kecfab.bplaced.net\/kroatien\/wp-content\/uploads\/2025\/11\/arenapula-1536x763.jpg 1536w, https:\/\/kecfab.bplaced.net\/kroatien\/wp-content\/uploads\/2025\/11\/arenapula-2048x1017.jpg 2048w\" sizes=\"auto, (max-width: 1024px) 100vw, 1024px\" \/><\/figure>\n<\/div>\n<\/div>\n<\/div>\n\n\n\n<aside class=\"wp-block-group alignfull is-style-default has-global-padding is-layout-constrained wp-container-core-group-is-layout-f0f2a97b wp-block-group-is-layout-constrained\" style=\"margin-top:0;margin-bottom:0;padding-top:var(--wp--preset--spacing--50);padding-right:var(--wp--preset--spacing--50);padding-bottom:var(--wp--preset--spacing--50);padding-left:var(--wp--preset--spacing--50)\">\n<div class=\"wp-block-group is-vertical is-content-justification-center is-layout-flex wp-container-core-group-is-layout-8778ca4a wp-block-group-is-layout-flex\" style=\"min-height:360px;margin-top:0;margin-bottom:0\">\n<h2 class=\"wp-block-heading has-text-align-center has-xx-large-font-size\">Kroatien steckt voller Erlebnisse, die man erleben muss!<\/h2>\n\n\n\n<p class=\"has-text-align-center is-style-text-subtitle is-style-text-subtitle--4\">Die kroatischen Regionen stecken voller interessanter Destinationen, St\u00e4dte, Natursch\u00f6nheiten, Geschm\u00e4cke, D\u00fcfte, T\u00f6ne und Erlebnisse, die Erinnerungen schaffen und zum Erkunden einladen.<\/p>\n\n\n\n<div style=\"height:0px\" aria-hidden=\"true\" class=\"wp-block-spacer wp-container-content-62aae154\"><\/div>\n\n\n\n<div class=\"wp-block-buttons is-content-justification-center is-layout-flex wp-container-core-buttons-is-layout-a89b3969 wp-block-buttons-is-layout-flex\">\n<div class=\"wp-block-button\"><a class=\"wp-block-button__link has-text-align-center wp-element-button\" href=\"https:\/\/kecfab.bplaced.net\/kroatien\/2025\/10\/kroatien-entdecken\/\">Kroatien entdecken<\/a><\/div>\n<\/div>\n<\/div>\n<\/aside>\n\n\n\n<p><\/p>\n","protected":false},"excerpt":{"rendered":"<p>Kroatien besuchen Kroatien z\u00e4hlt j\u00e4hrlich tausende Besucher:innen aus aller Welt. Bei einem Spaziergang durch die kroatischen St\u00e4dte werden diese nicht selten Zeuge der \u00fcber tausendj\u00e4hrigen Geschichte des Landes, die sich in zahlreichen Kirchen, Museen und historischen Bauwerken widerspiegelt. Sogar auf der Liste des UNESCO-Weltkulturerbes stehen einige der auserlesensten Werke. Jede Region und jede Stadt haben [&hellip;]<\/p>\n","protected":false},"author":1,"featured_media":0,"parent":0,"menu_order":0,"comment_status":"closed","ping_status":"closed","template":"","meta":{"footnotes":""},"class_list":["post-145","page","type-page","status-publish","hentry"],"_links":{"self":[{"href":"https:\/\/kecfab.bplaced.net\/kroatien\/wp-json\/wp\/v2\/pages\/145","targetHints":{"allow":["GET"]}}],"collection":[{"href":"https:\/\/kecfab.bplaced.net\/kroatien\/wp-json\/wp\/v2\/pages"}],"about":[{"href":"https:\/\/kecfab.bplaced.net\/kroatien\/wp-json\/wp\/v2\/types\/page"}],"author":[{"embeddable":true,"href":"https:\/\/kecfab.bplaced.net\/kroatien\/wp-json\/wp\/v2\/users\/1"}],"replies":[{"embeddable":true,"href":"https:\/\/kecfab.bplaced.net\/kroatien\/wp-json\/wp\/v2\/comments?post=145"}],"version-history":[{"count":1,"href":"https:\/\/kecfab.bplaced.net\/kroatien\/wp-json\/wp\/v2\/pages\/145\/revisions"}],"predecessor-version":[{"id":146,"href":"https:\/\/kecfab.bplaced.net\/kroatien\/wp-json\/wp\/v2\/pages\/145\/revisions\/146"}],"wp:attachment":[{"href":"https:\/\/kecfab.bplaced.net\/kroatien\/wp-json\/wp\/v2\/media?parent=145"}],"curies":[{"name":"wp","href":"https:\/\/api.w.org\/{rel}","templated":true}]}}