{"id":129,"date":"2026-01-20T20:40:13","date_gmt":"2026-01-20T19:40:13","guid":{"rendered":"https:\/\/kecfab.bplaced.net\/kroatien\/?page_id=129"},"modified":"2026-02-23T12:07:49","modified_gmt":"2026-02-23T11:07:49","slug":"willkommen-dobrodosao","status":"publish","type":"page","link":"https:\/\/kecfab.bplaced.net\/kroatien\/willkommen-dobrodosao\/","title":{"rendered":"Willkommen &#8211; Dobrodosao"},"content":{"rendered":"\n<div class=\"wp-block-media-text alignwide is-stacked-on-mobile is-image-fill-element\"><figure class=\"wp-block-media-text__media\"><img loading=\"lazy\" decoding=\"async\" width=\"1024\" height=\"512\" src=\"https:\/\/kecfab.bplaced.net\/kroatien\/wp-content\/uploads\/2025\/11\/fahne-1024x512.png\" alt=\"\" class=\"wp-image-78 size-full\" style=\"object-position:50% 50%\" srcset=\"https:\/\/kecfab.bplaced.net\/kroatien\/wp-content\/uploads\/2025\/11\/fahne-1024x512.png 1024w, https:\/\/kecfab.bplaced.net\/kroatien\/wp-content\/uploads\/2025\/11\/fahne-300x150.png 300w, https:\/\/kecfab.bplaced.net\/kroatien\/wp-content\/uploads\/2025\/11\/fahne-768x384.png 768w, https:\/\/kecfab.bplaced.net\/kroatien\/wp-content\/uploads\/2025\/11\/fahne-1536x768.png 1536w, https:\/\/kecfab.bplaced.net\/kroatien\/wp-content\/uploads\/2025\/11\/fahne-2048x1024.png 2048w\" sizes=\"auto, (max-width: 1024px) 100vw, 1024px\" \/><\/figure><div class=\"wp-block-media-text__content\">\n<p class=\"has-text-align-center has-x-large-font-size\">Kroatien ist ein <strong><em>kleines Land <\/em><\/strong>mit unglaublicher Vielfalt und z\u00e4hlt mit seiner K\u00fcste zu den sch\u00f6nsten und abwechslungsreichsten L\u00e4ndern Europas. Es verzaubert und fasziniert zugleich j\u00e4hrlich Millionen von Besucher:innen.<\/p>\n<\/div><\/div>\n\n\n\n<div style=\"height:8rem\" aria-hidden=\"true\" class=\"wp-block-spacer\"><\/div>\n\n\n\n<div class=\"wp-block-group alignwide is-layout-grid wp-container-core-group-is-layout-73d44df6 wp-block-group-is-layout-grid\">\n<p>Die Republik Kroatien (Republik Hrvatska) ist ein mediterraner, mitteleurop\u00e4ischer Staat und hat ein Gr\u00f6\u00dfe von mehr als 56.000 Quadratkilometern. Als Nachbarl\u00e4nder grenzen Slowenien, Ungarn, Serbien, Bosnien und Herzegowina, Montenegro und Italien (Seegrenze) an Kroatien. Das Land ist meist h\u00fcgelig und im K\u00fcstengebiet gibt es unz\u00e4hlige Inseln. Zu Kroatien geh\u00f6ren noch rund 32.000 Quadratkilometer Meer. Lange, warme Sommer und kalte Winter pr\u00e4gen das Klima. Der Fr\u00fchling und der Herbst sind weniger ausgepr\u00e4gt.<\/p>\n\n\n\n<p>Der kroatische Staat hat jedoch mehr als nur eine wundersch\u00f6ne K\u00fcstenregion zu bieten. In Inland finden Naturfreunde, Bergsteiger, Wintersportler und J\u00e4ger jede Menge Natursch\u00f6nheiten. Es gibt viel zu entdecken. Bereits jetzt sind 7,5 % des Landes gesch\u00fctzt. Diese Fl\u00e4che soll auf das doppelte vergr\u00f6\u00dfert werden und Kroatien stellt somit f\u00fcr Europa ein sehr wertvolles \u00f6kologisch reines Gebiet dar.<\/p>\n\n\n\n<p>Zagreb ist die Landeshauptstadt und z\u00e4hlt man die Vororte hinzu leben hier 1 Mio. Menschen. 1994 feierte Zagreb 900 Jahre Bistumsgr\u00fcndung. Insgesamt hat Kroatien 5 Mio. Einwohner, hiervon sind 90 % Kroaten. Die restlichen 10% setzen sich haupts\u00e4chlich aus Serben, Ungarn, Italienern, Deutschen und anderen Staaten zusammen. Viele kroatische Staatsangeh\u00f6rige leben im Ausland, z.B. 215.000 in Deutschland.<\/p>\n\n\n\n<p>Die Landessprache ist Kroatisch, jedoch ist in stark ethnischen Gebieten die Amtssprache Serbisch, Ungarisch und Italienisch. Der \u00fcberwiegende Teil \u00fcbt die r\u00f6misch-katholische Religion aus, in der Minderheit hingegen befinden sich die serbisch-orthodoxen und muslimisch Gl\u00e4ubigen. Der 25. Juni ist der Nationalfeiertag, denn am 25.06.1991 wurde die Unabh\u00e4ngigkeitserkl\u00e4rung abgegeben. Mittlerweile hat Kroatien den Euro als Landesw\u00e4hrung eingef\u00fchrt.<\/p>\n<\/div>\n\n\n\n<div class=\"wp-block-cover alignfull is-light has-parallax\" style=\"min-height:629px;aspect-ratio:unset;\"><div class=\"wp-block-cover__image-background wp-image-86 size-large has-parallax\" style=\"background-position:50% 50%;background-image:url(https:\/\/kecfab.bplaced.net\/kroatien\/wp-content\/uploads\/2025\/11\/ravnik-1024x682.jpg)\"><\/div><span aria-hidden=\"true\" class=\"wp-block-cover__background has-background-dim-60 has-background-dim\" style=\"background-color:#6387bd\"><\/span><div class=\"wp-block-cover__inner-container has-global-padding is-layout-constrained wp-block-cover-is-layout-constrained\">\n<p class=\"has-text-align-center\" style=\"font-size:clamp(1.743rem, 1.743rem + ((1vw - 0.2rem) * 1.972), 3rem);\">Wundersch\u00f6ne Insel<\/p>\n<\/div><\/div>\n\n\n\n<p><\/p>\n","protected":false},"excerpt":{"rendered":"<p>Kroatien ist ein kleines Land mit unglaublicher Vielfalt und z\u00e4hlt mit seiner K\u00fcste zu den sch\u00f6nsten und abwechslungsreichsten L\u00e4ndern Europas. Es verzaubert und fasziniert zugleich j\u00e4hrlich Millionen von Besucher:innen. Die Republik Kroatien (Republik Hrvatska) ist ein mediterraner, mitteleurop\u00e4ischer Staat und hat ein Gr\u00f6\u00dfe von mehr als 56.000 Quadratkilometern. Als Nachbarl\u00e4nder grenzen Slowenien, Ungarn, Serbien, Bosnien [&hellip;]<\/p>\n","protected":false},"author":1,"featured_media":0,"parent":0,"menu_order":0,"comment_status":"closed","ping_status":"closed","template":"page-with-sidebar","meta":{"footnotes":""},"class_list":["post-129","page","type-page","status-publish","hentry"],"_links":{"self":[{"href":"https:\/\/kecfab.bplaced.net\/kroatien\/wp-json\/wp\/v2\/pages\/129","targetHints":{"allow":["GET"]}}],"collection":[{"href":"https:\/\/kecfab.bplaced.net\/kroatien\/wp-json\/wp\/v2\/pages"}],"about":[{"href":"https:\/\/kecfab.bplaced.net\/kroatien\/wp-json\/wp\/v2\/types\/page"}],"author":[{"embeddable":true,"href":"https:\/\/kecfab.bplaced.net\/kroatien\/wp-json\/wp\/v2\/users\/1"}],"replies":[{"embeddable":true,"href":"https:\/\/kecfab.bplaced.net\/kroatien\/wp-json\/wp\/v2\/comments?post=129"}],"version-history":[{"count":3,"href":"https:\/\/kecfab.bplaced.net\/kroatien\/wp-json\/wp\/v2\/pages\/129\/revisions"}],"predecessor-version":[{"id":132,"href":"https:\/\/kecfab.bplaced.net\/kroatien\/wp-json\/wp\/v2\/pages\/129\/revisions\/132"}],"wp:attachment":[{"href":"https:\/\/kecfab.bplaced.net\/kroatien\/wp-json\/wp\/v2\/media?parent=129"}],"curies":[{"name":"wp","href":"https:\/\/api.w.org\/{rel}","templated":true}]}}